{"id":73,"date":"2016-10-21T23:48:08","date_gmt":"2016-10-21T21:48:08","guid":{"rendered":"http:\/\/cybernetique.info\/editions\/?post_type=product&#038;p=73"},"modified":"2016-11-16T11:19:01","modified_gmt":"2016-11-16T10:19:01","slug":"chateauneuf-de-mazenc","status":"publish","type":"product","link":"https:\/\/bleulefit.com\/editions\/p\/chateauneuf-de-mazenc\/","title":{"rendered":"Ch\u00e2teauneuf-de-Mazenc"},"content":{"rendered":"","protected":false},"excerpt":{"rendered":"<h3>Un village m\u00e9di\u00e9val de la Dr\u00f4me proven\u00e7ale<\/h3>\n<p>ISBN : 978-2-36228-008-2<br \/>\nAuteur : Alain Tillier<br \/>\nParution : 2013<br \/>\nNombre de pages : 50<br \/>\nNombre d\u2019illustrations : 16 et couverture quadrichromie<br \/>\nFormat : 19 cm x 13,5 cm<br \/>\nFa\u00e7onnage : Dos carr\u00e9 coll\u00e9<\/p>\n","protected":false},"featured_media":74,"comment_status":"closed","ping_status":"closed","template":"","meta":[],"product_brand":[],"product_cat":[8],"product_tag":[],"class_list":{"0":"post-73","1":"product","2":"type-product","3":"status-publish","4":"has-post-thumbnail","6":"product_cat-promenades-en-patrimoine","8":"first","9":"instock","10":"shipping-taxable","11":"purchasable","12":"product-type-simple"},"_links":{"self":[{"href":"https:\/\/bleulefit.com\/editions\/wp-json\/wp\/v2\/product\/73","targetHints":{"allow":["GET"]}}],"collection":[{"href":"https:\/\/bleulefit.com\/editions\/wp-json\/wp\/v2\/product"}],"about":[{"href":"https:\/\/bleulefit.com\/editions\/wp-json\/wp\/v2\/types\/product"}],"replies":[{"embeddable":true,"href":"https:\/\/bleulefit.com\/editions\/wp-json\/wp\/v2\/comments?post=73"}],"wp:featuredmedia":[{"embeddable":true,"href":"https:\/\/bleulefit.com\/editions\/wp-json\/wp\/v2\/media\/74"}],"wp:attachment":[{"href":"https:\/\/bleulefit.com\/editions\/wp-json\/wp\/v2\/media?parent=73"}],"wp:term":[{"taxonomy":"product_brand","embeddable":true,"href":"https:\/\/bleulefit.com\/editions\/wp-json\/wp\/v2\/product_brand?post=73"},{"taxonomy":"product_cat","embeddable":true,"href":"https:\/\/bleulefit.com\/editions\/wp-json\/wp\/v2\/product_cat?post=73"},{"taxonomy":"product_tag","embeddable":true,"href":"https:\/\/bleulefit.com\/editions\/wp-json\/wp\/v2\/product_tag?post=73"}],"curies":[{"name":"wp","href":"https:\/\/api.w.org\/{rel}","templated":true}]}}