{"id":71,"date":"2016-10-21T23:46:11","date_gmt":"2016-10-21T21:46:11","guid":{"rendered":"http:\/\/cybernetique.info\/editions\/?post_type=product&#038;p=71"},"modified":"2016-10-21T23:46:40","modified_gmt":"2016-10-21T21:46:40","slug":"la-viale-dieulefit-en-drome-provencale","status":"publish","type":"product","link":"https:\/\/bleulefit.com\/editions\/p\/la-viale-dieulefit-en-drome-provencale\/","title":{"rendered":"La Viale &#8211; Dieulefit En Dr\u00f4me Proven\u00e7ale"},"content":{"rendered":"","protected":false},"excerpt":{"rendered":"<p>Cet ouvrage constitue une r\u00e9\u00e9dition du livret \u00ab\u00a0Dieulefit ancien\u00a0\u00bb r\u00e9dig\u00e9 par Germaine et Yvon Soyer en 1978, imprim\u00e9 par le po\u00e8te Jean Brianes.<\/p>\n","protected":false},"featured_media":72,"comment_status":"closed","ping_status":"closed","template":"","meta":[],"product_brand":[],"product_cat":[8],"product_tag":[],"class_list":{"0":"post-71","1":"product","2":"type-product","3":"status-publish","4":"has-post-thumbnail","6":"product_cat-promenades-en-patrimoine","8":"first","9":"instock","10":"shipping-taxable","11":"purchasable","12":"product-type-simple"},"_links":{"self":[{"href":"https:\/\/bleulefit.com\/editions\/wp-json\/wp\/v2\/product\/71","targetHints":{"allow":["GET"]}}],"collection":[{"href":"https:\/\/bleulefit.com\/editions\/wp-json\/wp\/v2\/product"}],"about":[{"href":"https:\/\/bleulefit.com\/editions\/wp-json\/wp\/v2\/types\/product"}],"replies":[{"embeddable":true,"href":"https:\/\/bleulefit.com\/editions\/wp-json\/wp\/v2\/comments?post=71"}],"wp:featuredmedia":[{"embeddable":true,"href":"https:\/\/bleulefit.com\/editions\/wp-json\/wp\/v2\/media\/72"}],"wp:attachment":[{"href":"https:\/\/bleulefit.com\/editions\/wp-json\/wp\/v2\/media?parent=71"}],"wp:term":[{"taxonomy":"product_brand","embeddable":true,"href":"https:\/\/bleulefit.com\/editions\/wp-json\/wp\/v2\/product_brand?post=71"},{"taxonomy":"product_cat","embeddable":true,"href":"https:\/\/bleulefit.com\/editions\/wp-json\/wp\/v2\/product_cat?post=71"},{"taxonomy":"product_tag","embeddable":true,"href":"https:\/\/bleulefit.com\/editions\/wp-json\/wp\/v2\/product_tag?post=71"}],"curies":[{"name":"wp","href":"https:\/\/api.w.org\/{rel}","templated":true}]}}