{"id":65,"date":"2016-10-21T23:40:06","date_gmt":"2016-10-21T21:40:06","guid":{"rendered":"http:\/\/cybernetique.info\/editions\/?post_type=product&#038;p=65"},"modified":"2016-10-21T23:40:06","modified_gmt":"2016-10-21T21:40:06","slug":"le-poet-laval-une-commanderie-des-hospitaliers-en-dauphine","status":"publish","type":"product","link":"https:\/\/bleulefit.com\/editions\/p\/le-poet-laval-une-commanderie-des-hospitaliers-en-dauphine\/","title":{"rendered":"Le Po\u00ebt-Laval, une commanderie des Hospitaliers en Dauphin\u00e9"},"content":{"rendered":"<p>Le village m\u00e9di\u00e9val du Po\u00ebt-Laval, situ\u00e9 \u00e0 quelques kilom\u00e8tres de Dieulefit, en Dr\u00f4me proven\u00e7ale, s\u2019est constitu\u00e9 \u00e0 partir du XIIIe si\u00e8cle autour d\u2019une commanderie de l\u2019Ordre des Hospitaliers de Saint-Jean-de-J\u00e9rusalem, devenu au XVIe si\u00e8cle Ordre de Malte.<\/p>\n<p>Domin\u00e9 par son ch\u00e2teau m\u00e9di\u00e9val, ce village perch\u00e9 s&rsquo;est dot\u00e9 d&rsquo;une ceinture de remparts au XIVe si\u00e8cle. A la fin du moyen \u00e2ge, il a connu une p\u00e9riode faste au cours de laquelle le ch\u00e2teau\u00a0 a \u00e9t\u00e9 agrandi et la plupart des maisons reconstruites. Converti au protestantisme, le village a connu deux si\u00e8ges au cours des guerres de religion; il poss\u00e8de aujourd&rsquo;hui l&rsquo;un des deux seuls temples pr\u00e9serv\u00e9s de la destruction lors de la r\u00e9vocation de l&rsquo;Edit de Nantes.<\/p>\n<p>Reconstruit et agrandi aux XVIIe-XVIIIe si\u00e8cles, le village a connu un abandon progressif \u00e0 partir de 1850. Sauv\u00e9 de la ruine gr\u00e2ce \u00e0 l&rsquo;action d&rsquo;une association locale tr\u00e8s active et d&rsquo;initiatives priv\u00e9es, le village a connu un renouveau spectaculaire au cours de la seconde moiti\u00e9 du XXe si\u00e8cle. A nouveau habit\u00e9, il appartient aujourd\u2019hui au r\u00e9seau des Plus Beaux Villages de France, et abrite un centre d&rsquo;Art et le Mus\u00e9e du Protestantisme Dauphinois.<\/p>\n<p>Cet ouvrage, illustr\u00e9 de nombreuses photos et dessins, resitue cet ensemble remarquable dans son contexte historique, et en propose une \u00abvisite guid\u00e9e\u00bb qui devrait enrichir le regard de tous ceux qui ont pu appr\u00e9cier le charme incomparable du site, dont l&rsquo;environnement a \u00e9t\u00e9 miraculeusement pr\u00e9serv\u00e9.<\/p>\n<p>Alain Tillier est architecte en chef honoraire des monuments historiques. De 1984 \u00e0 2010, il a dirig\u00e9 la restauration de nombreux monuments dans les Hautes- Alpes, la Savoie, la Dr\u00f4me et l\u2019Is\u00e8re. Il habite aujourd&rsquo;hui le Po\u00ebt-Laval.<\/p>\n","protected":false},"excerpt":{"rendered":"<p>Cet ouvrage, illustr\u00e9 de nombreuses photos et dessins, restitue cet ensemble exceptionnel dans son contexte historique, et en propose une \u00abvisite guid\u00e9e\u00bb qui devrait enrichir le regard de tous ceux qui ont pu appr\u00e9cier le charme incomparable du site.<\/p>\n<p>ISBN : 978-2-36228-003-0<br \/>\nISSN : 2105-9292<br \/>\nAuteur : Alain Tillier<br \/>\nParution : 2011<br \/>\nNombre de pages : 112<br \/>\nNombre d\u2019illustrations : Plus de 50<br \/>\nFormat : 19 cm x 13,5 cm<br \/>\nFa\u00e7onnage : Dos carr\u00e9 coll\u00e9<\/p>\n","protected":false},"featured_media":66,"comment_status":"closed","ping_status":"closed","template":"","meta":[],"product_brand":[],"product_cat":[7],"product_tag":[],"class_list":{"0":"post-65","1":"product","2":"type-product","3":"status-publish","4":"has-post-thumbnail","6":"product_cat-presences-du-patrimoine","8":"first","9":"instock","10":"shipping-taxable","11":"purchasable","12":"product-type-simple"},"_links":{"self":[{"href":"https:\/\/bleulefit.com\/editions\/wp-json\/wp\/v2\/product\/65","targetHints":{"allow":["GET"]}}],"collection":[{"href":"https:\/\/bleulefit.com\/editions\/wp-json\/wp\/v2\/product"}],"about":[{"href":"https:\/\/bleulefit.com\/editions\/wp-json\/wp\/v2\/types\/product"}],"replies":[{"embeddable":true,"href":"https:\/\/bleulefit.com\/editions\/wp-json\/wp\/v2\/comments?post=65"}],"wp:featuredmedia":[{"embeddable":true,"href":"https:\/\/bleulefit.com\/editions\/wp-json\/wp\/v2\/media\/66"}],"wp:attachment":[{"href":"https:\/\/bleulefit.com\/editions\/wp-json\/wp\/v2\/media?parent=65"}],"wp:term":[{"taxonomy":"product_brand","embeddable":true,"href":"https:\/\/bleulefit.com\/editions\/wp-json\/wp\/v2\/product_brand?post=65"},{"taxonomy":"product_cat","embeddable":true,"href":"https:\/\/bleulefit.com\/editions\/wp-json\/wp\/v2\/product_cat?post=65"},{"taxonomy":"product_tag","embeddable":true,"href":"https:\/\/bleulefit.com\/editions\/wp-json\/wp\/v2\/product_tag?post=65"}],"curies":[{"name":"wp","href":"https:\/\/api.w.org\/{rel}","templated":true}]}}