{"id":61,"date":"2016-10-21T23:35:35","date_gmt":"2016-10-21T21:35:35","guid":{"rendered":"http:\/\/cybernetique.info\/editions\/?post_type=product&#038;p=61"},"modified":"2016-10-21T23:35:35","modified_gmt":"2016-10-21T21:35:35","slug":"manufacture-des-tabacs-de-lyon-patrimoine-du-xxe-siecle","status":"publish","type":"product","link":"https:\/\/bleulefit.com\/editions\/p\/manufacture-des-tabacs-de-lyon-patrimoine-du-xxe-siecle\/","title":{"rendered":"Manufacture des tabacs de Lyon, Patrimoine du XXe si\u00e8cle"},"content":{"rendered":"<p>Depuis\u00a0 pr\u00e8s d&rsquo;un si\u00e8cle, \u201cLa Manu\u201d s&rsquo;impose dans le paysage urbain. Ce b\u00e2timent exceptionnel, tant sur le plan architectural qu\u2019affectif,\u00a0 est aujourd\u2019hui lab\u00e9lis\u00e9 Patrimoine du XXe\u00a0 si\u00e8cle.<br \/>\nCet ouvrage abondamment illustr\u00e9, pr\u00e9cis et accessible \u00e0 tous, restitue le site aux Lyonnais.<\/p>\n<p>G\u00e9rard Nioulou, lyonnais, fut directeur du Patrimoine de l\u2019Universit\u00e9 Jean Moulin Lyon 3, auquel il consacra plus de quarante ann\u00e9es de\u00a0 sa vie professionnelle. Passionn\u00e9 d\u2019histoire et d\u2019architecture, attentif au devenir des b\u00e2timents qui lui sont confi\u00e9s, il est pr\u00e9sent aux grands moments de la vie universitaire de La Manufacture des Tabacs. Il est l\u2019auteur tout d\u00e9sign\u00e9 pour \u00e9crire ce pan de l\u2019histoire lyonnaise.<\/p>\n","protected":false},"excerpt":{"rendered":"<p>Site militaire, la lunette des Hirondelles, puis manufacture industrielle, la Manufacture Royale des Tabacs, ce lieu rel\u00e8ve aujourd\u2019hui du patrimoine universitaire, rattach\u00e9 \u00e0 l\u2019Universit\u00e9 Jean Moulin.<\/p>\n","protected":false},"featured_media":62,"comment_status":"closed","ping_status":"closed","template":"","meta":[],"product_brand":[],"product_cat":[7],"product_tag":[],"class_list":{"0":"post-61","1":"product","2":"type-product","3":"status-publish","4":"has-post-thumbnail","6":"product_cat-presences-du-patrimoine","8":"first","9":"instock","10":"shipping-taxable","11":"purchasable","12":"product-type-simple"},"_links":{"self":[{"href":"https:\/\/bleulefit.com\/editions\/wp-json\/wp\/v2\/product\/61","targetHints":{"allow":["GET"]}}],"collection":[{"href":"https:\/\/bleulefit.com\/editions\/wp-json\/wp\/v2\/product"}],"about":[{"href":"https:\/\/bleulefit.com\/editions\/wp-json\/wp\/v2\/types\/product"}],"replies":[{"embeddable":true,"href":"https:\/\/bleulefit.com\/editions\/wp-json\/wp\/v2\/comments?post=61"}],"wp:featuredmedia":[{"embeddable":true,"href":"https:\/\/bleulefit.com\/editions\/wp-json\/wp\/v2\/media\/62"}],"wp:attachment":[{"href":"https:\/\/bleulefit.com\/editions\/wp-json\/wp\/v2\/media?parent=61"}],"wp:term":[{"taxonomy":"product_brand","embeddable":true,"href":"https:\/\/bleulefit.com\/editions\/wp-json\/wp\/v2\/product_brand?post=61"},{"taxonomy":"product_cat","embeddable":true,"href":"https:\/\/bleulefit.com\/editions\/wp-json\/wp\/v2\/product_cat?post=61"},{"taxonomy":"product_tag","embeddable":true,"href":"https:\/\/bleulefit.com\/editions\/wp-json\/wp\/v2\/product_tag?post=61"}],"curies":[{"name":"wp","href":"https:\/\/api.w.org\/{rel}","templated":true}]}}