{"id":458,"date":"2026-05-12T16:41:44","date_gmt":"2026-05-12T14:41:44","guid":{"rendered":"https:\/\/bleulefit.com\/editions\/?post_type=product&#038;p=458"},"modified":"2026-05-12T16:48:41","modified_gmt":"2026-05-12T14:48:41","slug":"paul-claudel-le-jet-de-pierre-par-nada-et-aliki-diplarakos","status":"publish","type":"product","link":"https:\/\/bleulefit.com\/editions\/p\/paul-claudel-le-jet-de-pierre-par-nada-et-aliki-diplarakos\/","title":{"rendered":"Paul Claudel, Le Jet de pierre, Par Nada et Aliki Diplarakos"},"content":{"rendered":"<p>Grecques de naissance et d\u2019\u00e9ducation, et parisiennes depuis le d\u00e9but des ann\u00e9es trente, Nada et Aliki Diplarakos entrent dans la vie de Paul Claudel en 1935 \u00e0 l\u2019occasion des fian\u00e7ailles de leur s\u0153ur Christine avec Henri, fils cadet du po\u00e8te. D\u2019une grande beaut\u00e9 l\u2019une et l\u2019autre, elles inspirent au po\u00e8te un court dialogue chor\u00e9graphique Le Jet de pierre dont elles incarnent les r\u00f4les. Cette \u00ab Suite plastique en XII mouvements \u00bb se situe dans le d\u00e9cor intime du ch\u00e2teau de Brangues.<br \/>\nElle en recr\u00e9e l\u2019atmosph\u00e8re et convoque les fant\u00f4mes. Aliki et Nada y croisent imaginairement les artistes Audrey Parr et Ida Rubinstein, avec qui le po\u00e8te s\u2019est trouv\u00e9 engag\u00e9 sur des projets fort proches.<\/p>\n<p>Marie-Victoire Nantet poursuit sa qu\u00eate des figures f\u00e9minines qui ont gravit\u00e9 vers la m\u00eame \u00e9poque autour du po\u00e8te vieillissant et lui ont insufl\u00e9 un nouvel \u00e9lan.<\/p>\n<p><em>Couverture : Portrait d&rsquo;Aliki et Nada Diplarakos par Frederico Beltr\u00e1n Masses. \u00a9 H\u00e9l\u00e8ne de Rochefort et Association Frederico Beltr\u00e1n Masses (AFBM).<\/em><\/p>\n","protected":false},"excerpt":{"rendered":"<h2>Revisit\u00e9 par Marie Victoire-Nantet<\/h2>\n","protected":false},"featured_media":456,"comment_status":"closed","ping_status":"closed","template":"","meta":[],"product_brand":[],"product_cat":[9,11],"product_tag":[],"class_list":{"0":"post-458","1":"product","2":"type-product","3":"status-publish","4":"has-post-thumbnail","6":"product_cat-idees-du-patrimoine","7":"product_cat-nouveautes","9":"first","10":"instock","11":"shipping-taxable","12":"purchasable","13":"product-type-simple"},"_links":{"self":[{"href":"https:\/\/bleulefit.com\/editions\/wp-json\/wp\/v2\/product\/458","targetHints":{"allow":["GET"]}}],"collection":[{"href":"https:\/\/bleulefit.com\/editions\/wp-json\/wp\/v2\/product"}],"about":[{"href":"https:\/\/bleulefit.com\/editions\/wp-json\/wp\/v2\/types\/product"}],"replies":[{"embeddable":true,"href":"https:\/\/bleulefit.com\/editions\/wp-json\/wp\/v2\/comments?post=458"}],"wp:featuredmedia":[{"embeddable":true,"href":"https:\/\/bleulefit.com\/editions\/wp-json\/wp\/v2\/media\/456"}],"wp:attachment":[{"href":"https:\/\/bleulefit.com\/editions\/wp-json\/wp\/v2\/media?parent=458"}],"wp:term":[{"taxonomy":"product_brand","embeddable":true,"href":"https:\/\/bleulefit.com\/editions\/wp-json\/wp\/v2\/product_brand?post=458"},{"taxonomy":"product_cat","embeddable":true,"href":"https:\/\/bleulefit.com\/editions\/wp-json\/wp\/v2\/product_cat?post=458"},{"taxonomy":"product_tag","embeddable":true,"href":"https:\/\/bleulefit.com\/editions\/wp-json\/wp\/v2\/product_tag?post=458"}],"curies":[{"name":"wp","href":"https:\/\/api.w.org\/{rel}","templated":true}]}}