{"id":44,"date":"2016-10-21T20:44:47","date_gmt":"2016-10-21T18:44:47","guid":{"rendered":"http:\/\/cybernetique.info\/editions\/?post_type=product&#038;p=44"},"modified":"2016-12-30T14:49:18","modified_gmt":"2016-12-30T13:49:18","slug":"anna-de-noailles","status":"publish","type":"product","link":"https:\/\/bleulefit.com\/editions\/p\/anna-de-noailles\/","title":{"rendered":"Anna de Noailles au bord du L\u00e9man"},"content":{"rendered":"<p>Po\u00e8te, Anna de Noailles tient salon au cours des ann\u00e9es 1900-1930, en son domicile parisien. \u00c9crivains, peintres et musiciens s\u2019y pressent\u00a0: Anatole France, Marcel Proust, Andr\u00e9 Gide, Paul Val\u00e9ry, Colette, Maurice Barr\u00e8s, Jean Cocteau, fr\u00e9quentent les lieux.<\/p>\n<p>Durant la saison d\u2019\u00e9t\u00e9, Anna de Noailles retrouve la villa Bassaraba, situ\u00e9e au bord du L\u00e9man. La maison de famille si ch\u00e8re \u00e0 son c\u0153ur est implant\u00e9e sur la commune de Publier-Amphion, \u00e0 proximit\u00e9 d\u2019\u00c9vian. Dans <em>Le Livre de ma vie,<\/em>Anna de Noailles \u00e9voque avec nostalgie le temps o\u00f9 le prince Gr\u00e9goire de Brancovan, son p\u00e8re, et la princesse Rachel n\u00e9e Musurus, sa m\u00e8re, recevaient avec faste le monde \u00e9l\u00e9gant des environs.<\/p>\n<p>Prenant appui sur les souvenirs d\u2019Anna de Noailles, l\u2019ouvrage reconstitue la vie brillante de la villa Bassaraba dans les ann\u00e9es 1880, telle que l\u2019a per\u00e7ue l\u2019enfant. Ses parents ont vite devin\u00e9 ses dons exceptionnels. \u00a0Sous leur regard encourageant, la petite fille d\u00e9clare sa vocation de po\u00e8te. L\u2019ouvrage rappelle les \u00e9tapes de son \u00e9panouissement, favoris\u00e9 par un milieu privil\u00e9gi\u00e9.\u00a0 Le po\u00e8te Mistral, le compositeur Edmond de Polignac, le pianiste Ignace Paderewski, accompagnent l\u2019adolescente dans ses progr\u00e8s. En 1897 en l\u2019\u00e9glise d\u2019\u00c9vian, le comte Mathieu de Noailles \u00e9pouse une po\u00e9tesse accomplie qui publiera d\u00e9sormais sous le nom d\u2019Anna de Noailles.<\/p>\n<p>L\u2019int\u00e9r\u00eat de cet ouvrage, pr\u00e9fac\u00e9 par Claude Mignot-Ogliastri, professeur \u00e9m\u00e9rite de l\u2019Universit\u00e9 et sp\u00e9cialiste reconnue d\u2019Anna de Noailles, r\u00e9side notamment dans la pr\u00e9sentation de cet univers champ\u00eatre, artistique et mondain \u00e0 l\u2019origine de l\u2019inspiration de celle qui en fut la reine. La beaut\u00e9 d\u2019un lac, la sociabilit\u00e9 d\u2019une \u00e9poque, l\u2019\u00e9veil d\u2019une sensibilit\u00e9, participent d\u2019une atmosph\u00e8re qu\u2019\u00e9claire l\u2019\u00e9criture de Marie-Victoire Nantet, empreinte d\u2019\u00e9motion et de justesse.<\/p>\n","protected":false},"excerpt":{"rendered":"<p>Fond\u00e9 sur les souvenirs d\u2019Anna de Noailles (1876-1933), cet ouvrage rappelle son enfance pass\u00e9e en famille dans la somptueuse villa Bassaraba, un des hauts-lieux de la vie mondaine au bord du L\u00e9man.<\/p>\n<p>ISBN : 978-2-36228-010-8<br \/>\nISSN : 2105-9292<br \/>\nAuteur : Marie-Victoire Nantet<br \/>\nParution : 2014<br \/>\nNombre de pages : 88<br \/>\nNombre d\u2019illustrations : 10 et couverture quadrichromie<br \/>\nFormat : 19 cm x 13,5 cm<br \/>\nFa\u00e7onnage : Dos carr\u00e9 coll\u00e9<\/p>\n","protected":false},"featured_media":231,"comment_status":"closed","ping_status":"closed","template":"","meta":[],"product_brand":[],"product_cat":[7],"product_tag":[],"class_list":{"0":"post-44","1":"product","2":"type-product","3":"status-publish","4":"has-post-thumbnail","6":"product_cat-presences-du-patrimoine","8":"first","9":"instock","10":"shipping-taxable","11":"purchasable","12":"product-type-simple"},"_links":{"self":[{"href":"https:\/\/bleulefit.com\/editions\/wp-json\/wp\/v2\/product\/44","targetHints":{"allow":["GET"]}}],"collection":[{"href":"https:\/\/bleulefit.com\/editions\/wp-json\/wp\/v2\/product"}],"about":[{"href":"https:\/\/bleulefit.com\/editions\/wp-json\/wp\/v2\/types\/product"}],"replies":[{"embeddable":true,"href":"https:\/\/bleulefit.com\/editions\/wp-json\/wp\/v2\/comments?post=44"}],"wp:featuredmedia":[{"embeddable":true,"href":"https:\/\/bleulefit.com\/editions\/wp-json\/wp\/v2\/media\/231"}],"wp:attachment":[{"href":"https:\/\/bleulefit.com\/editions\/wp-json\/wp\/v2\/media?parent=44"}],"wp:term":[{"taxonomy":"product_brand","embeddable":true,"href":"https:\/\/bleulefit.com\/editions\/wp-json\/wp\/v2\/product_brand?post=44"},{"taxonomy":"product_cat","embeddable":true,"href":"https:\/\/bleulefit.com\/editions\/wp-json\/wp\/v2\/product_cat?post=44"},{"taxonomy":"product_tag","embeddable":true,"href":"https:\/\/bleulefit.com\/editions\/wp-json\/wp\/v2\/product_tag?post=44"}],"curies":[{"name":"wp","href":"https:\/\/api.w.org\/{rel}","templated":true}]}}