{"id":244,"date":"2018-01-15T10:26:17","date_gmt":"2018-01-15T09:26:17","guid":{"rendered":"https:\/\/bleulefit.com\/editions\/?post_type=product&#038;p=244"},"modified":"2018-01-15T11:32:39","modified_gmt":"2018-01-15T10:32:39","slug":"nuit-de-l-ours-a-dieule%ef%ac%81t","status":"publish","type":"product","link":"https:\/\/bleulefit.com\/editions\/p\/nuit-de-l-ours-a-dieule%ef%ac%81t\/","title":{"rendered":"La nuit de l\u2019Ours \u00e0 Dieule\ufb01t"},"content":{"rendered":"<p>La nuit des ours a empli Dieulefit de rumeurs, amusements et souvenirs transmis jusqu\u2019\u00e0 aujourd\u2019hui. C\u2019est notamment le cas pour toute une g\u00e9n\u00e9ration, qu\u2019elle f\u00fbt de la cat\u00e9gorie des enfermeurs ou de celle des enferm\u00e9s, les Ours.<\/p>\n<p>Ces ours, d\u00e9sign\u00e9s comme les habitants les plus acari\u00e2tres, nuisaient par leur caract\u00e8re difficile, \u00e0 l\u2019harmonie du village, ainsi que le relate Christine Priotto dans sa pr\u00e9face.<\/p>\n<p>Doroth\u00e9e Small, auteur de cette \u00e9tude, initialement un travail universitaire, d\u00e9taille avec pr\u00e9cision le rite.<br \/>\nSes lieux, son d\u00e9roulement et ses acteurs sont examin\u00e9s. Enfermeurs et enferm\u00e9s font l\u2019objet d\u2019une analyse sociologique : \u00e2ge, sexe, classe sociale.<\/p>\n<p>La description des diff\u00e9rents syst\u00e8mes de fermeture pratiqu\u00e9s avec des planches, fils de fer, emmurement, blanchiment de vitrines la compl\u00e8te.<\/p>\n<p>Cette \u00e9tude, premi\u00e8re du genre pour ce rite dieulefitois, met en perspective le sens avou\u00e9 et cach\u00e9 du rite. Elle est compl\u00e9t\u00e9e du texte de chansons rituelles et d\u2019une riche bibliographie.<\/p>\n","protected":false},"excerpt":{"rendered":"<h3>Etude d&rsquo;un rituel carnavalesque<\/h3>\n<p>de <strong>Doroth\u00e9e Small<\/strong><br \/>\nPr\u00e9face Christine Priotto<br \/>\nformat 22 x 24 cm, quadrichromie, parution<strong>\u00a0 <\/strong>2017<br \/>\nCouverture\u00a0: Fermeture ext\u00e9rieure d\u2019une porte \u00a9 D. Small<\/p>\n<p><em>Si l\u2019ours voit son ombre le 2 f\u00e9vrier, il rentre dans sa tani\u00e8re et l\u2019hiver durera quarante jours de plus.<\/em><\/p>\n","protected":false},"featured_media":245,"comment_status":"closed","ping_status":"closed","template":"","meta":[],"product_brand":[],"product_cat":[9,11],"product_tag":[],"class_list":{"0":"post-244","1":"product","2":"type-product","3":"status-publish","4":"has-post-thumbnail","6":"product_cat-idees-du-patrimoine","7":"product_cat-nouveautes","9":"first","10":"instock","11":"featured","12":"shipping-taxable","13":"purchasable","14":"product-type-simple"},"_links":{"self":[{"href":"https:\/\/bleulefit.com\/editions\/wp-json\/wp\/v2\/product\/244","targetHints":{"allow":["GET"]}}],"collection":[{"href":"https:\/\/bleulefit.com\/editions\/wp-json\/wp\/v2\/product"}],"about":[{"href":"https:\/\/bleulefit.com\/editions\/wp-json\/wp\/v2\/types\/product"}],"replies":[{"embeddable":true,"href":"https:\/\/bleulefit.com\/editions\/wp-json\/wp\/v2\/comments?post=244"}],"wp:featuredmedia":[{"embeddable":true,"href":"https:\/\/bleulefit.com\/editions\/wp-json\/wp\/v2\/media\/245"}],"wp:attachment":[{"href":"https:\/\/bleulefit.com\/editions\/wp-json\/wp\/v2\/media?parent=244"}],"wp:term":[{"taxonomy":"product_brand","embeddable":true,"href":"https:\/\/bleulefit.com\/editions\/wp-json\/wp\/v2\/product_brand?post=244"},{"taxonomy":"product_cat","embeddable":true,"href":"https:\/\/bleulefit.com\/editions\/wp-json\/wp\/v2\/product_cat?post=244"},{"taxonomy":"product_tag","embeddable":true,"href":"https:\/\/bleulefit.com\/editions\/wp-json\/wp\/v2\/product_tag?post=244"}],"curies":[{"name":"wp","href":"https:\/\/api.w.org\/{rel}","templated":true}]}}